{"id":3,"date":"2019-02-18T08:34:58","date_gmt":"2019-02-18T07:34:58","guid":{"rendered":"https:\/\/www.prazskybarcamp.cz\/www\/blog\/?page_id=3"},"modified":"2020-08-28T23:04:23","modified_gmt":"2020-08-28T21:04:23","slug":"ochrana-osobnich-udaju","status":"publish","type":"page","link":"https:\/\/www.prazskybarcamp.cz\/blog\/ochrana-osobnich-udaju\/","title":{"rendered":"Z\u00e1sady ochrany osobn\u00edch \u00fadaj\u016f"},"content":{"rendered":"\r\n\r\n\r\n<p style=\"text-align: center;\"><strong>Souhlas se zpracov\u00e1n\u00edm osobn\u00edch \u00fadaj\u016f<\/strong><\/p>\r\n<ol>\r\n<li>Ud\u011bluje\u0161 t\u00edmto souhlas neziskov\u00e9 organizaci CETAS z.s., se s\u00eddlo Nerudova 606\/32, Mlad\u00e1 Boleslav II, 293 01, I\u010c: 01299069, zapsan\u00e9 ve ve\u0159ejn\u00e9m rejst\u0159\u00edku veden\u00e9m u M\u011bstsk\u00e9ho soudu v\u00a0Praze, odd\u00edl L 73602\/MSPH (d\u00e1le jen \u201eSpr\u00e1vce\u201c), aby ve smyslu na\u0159\u00edzen\u00ed Evropsk\u00e9ho parlamentu a Rady (EU) \u010d. 2016\/679 o ochran\u011b fyzick\u00fdch osob v souvislosti se zpracov\u00e1n\u00edm osobn\u00edch \u00fadaj\u016f a o voln\u00e9m pohybu t\u011bchto \u00fadaj\u016f a o zru\u0161en\u00ed sm\u011brnice 95\/46\/ES (obecn\u00e9 na\u0159\u00edzen\u00ed o ochran\u011b osobn\u00edch \u00fadaj\u016f) (d\u00e1le jen \u201eNa\u0159\u00edzen\u00ed\u201c) zpracov\u00e1vala tyto osobn\u00ed \u00fadaje:<\/li>\r\n<\/ol>\r\n<ul>\r\n<li>jm\u00e9no a p\u0159\u00edjmen\u00ed<\/li>\r\n<li>e-mail<\/li>\r\n<li>telefon<\/li>\r\n<li>v\u011bk<\/li>\r\n<li>pohlav\u00ed<\/li>\r\n<li>n\u00e1zev, m\u00edsto a obor studia<\/li>\r\n<\/ul>\r\n<ol start=\"2\">\r\n<li>V\u00fd\u0161e uveden\u00e9 osobn\u00ed \u00fadaje je mo\u017en\u00e9 zpracovat na z\u00e1klad\u011b Tv\u00e9ho ud\u011blen\u00e9ho souhlasu a\u00a0je nutn\u00e9 zpracovat je za \u00fa\u010delem mo\u017enosti p\u0159ihl\u00e1\u0161en\u00ed a statistik, kter\u00e9 jsou anonymizovan\u00e9. Tyto \u00fadaje budou Spr\u00e1vcem zpracov\u00e1v\u00e1ny po dobu viz tabulka v bod\u011b 3.<\/li>\r\n<\/ol>\r\n<table width=\"0\">\r\n<tbody>\r\n<tr>\r\n<td width=\"255\">\r\n<p><strong>Kde:<\/strong><\/p>\r\n<\/td>\r\n<td width=\"208\">\r\n<p><strong>Vyu\u017eit\u00ed:<\/strong><\/p>\r\n<\/td>\r\n<td width=\"142\">\r\n<p><strong>Na jak dlouho:<\/strong><\/p>\r\n<\/td>\r\n<\/tr>\r\n<tr>\r\n<td width=\"255\">\r\n<p>Registrace na webov\u00fdch str\u00e1nk\u00e1ch<\/p>\r\n<\/td>\r\n<td width=\"208\">\r\n<p>Anonymizovan\u00e9 statistiky<\/p>\r\n<\/td>\r\n<td width=\"142\">\r\n<p>1 rok<\/p>\r\n<\/td>\r\n<\/tr>\r\n<tr>\r\n<td width=\"255\">\r\n<p>P\u0159ihl\u00e1\u0161en\u00ed k newsletteru<\/p>\r\n<\/td>\r\n<td width=\"208\">\r\n<p>Zas\u00edl\u00e1n\u00ed novinek 1x\/m\u011bs\u00edc<\/p>\r\n<\/td>\r\n<td width=\"142\">\r\n<p>2 roky<\/p>\r\n<\/td>\r\n<\/tr>\r\n<tr>\r\n<td width=\"255\">\r\n<p>Dotazn\u00edky<\/p>\r\n<\/td>\r\n<td width=\"208\">\r\n<p>Anonymizovan\u00e9 statistiky<\/p>\r\n<\/td>\r\n<td width=\"142\">\r\n<p>1 rok<\/p>\r\n<\/td>\r\n<\/tr>\r\n<tr>\r\n<td width=\"255\">\r\n<p>Foto, video z offline konference<\/p>\r\n<\/td>\r\n<td width=\"208\">\r\n<p>Prezentace na internetu<\/p>\r\n<\/td>\r\n<td width=\"142\">\r\n<p>2 roky<\/p>\r\n<\/td>\r\n<\/tr>\r\n<tr>\r\n<td width=\"255\">\r\n<p>Jm\u00e9no v den konference<\/p>\r\n<\/td>\r\n<td width=\"208\">\r\n<p>Identifikace<\/p>\r\n<\/td>\r\n<td width=\"142\">\r\n<p>1 den<\/p>\r\n<\/td>\r\n<\/tr>\r\n<\/tbody>\r\n<\/table>\r\n<p>&nbsp;<\/p>\r\n<ol start=\"4\">\r\n<li>V\u00a0p\u0159\u00edpad\u011b cookies: Spr\u00e1vce shroma\u017e\u010fuje na sv\u00fdch webov\u00fdch str\u00e1nk\u00e1ch n\u00e1sleduj\u00edc\u00ed soubory cookies:<\/li>\r\n<\/ol>\r\n<table width=\"0\">\r\n<tbody>\r\n<tr>\r\n<td width=\"255\">\r\n<p><strong>Typ: <\/strong><\/p>\r\n<\/td>\r\n<td width=\"208\">\r\n<p><strong>N\u00e1zev:<\/strong><\/p>\r\n<\/td>\r\n<td width=\"142\">\r\n<p><strong>Na jak dlouho:<\/strong><\/p>\r\n<\/td>\r\n<\/tr>\r\n<tr>\r\n<td width=\"255\">\r\n<p>Konverzn\u00ed, trackovac\u00ed<\/p>\r\n<\/td>\r\n<td width=\"208\">\r\n<p>Facebook<\/p>\r\n<\/td>\r\n<td width=\"142\">\r\n<p>dlouhodob\u00e9<\/p>\r\n<\/td>\r\n<\/tr>\r\n<tr>\r\n<td width=\"255\">\r\n<p>Analytick\u00e9, trackovac\u00ed<\/p>\r\n<\/td>\r\n<td width=\"208\">\r\n<p>Google Analytics<\/p>\r\n<\/td>\r\n<td width=\"142\">\r\n<p>2 roky<\/p>\r\n<\/td>\r\n<\/tr>\r\n<tr>\r\n<td width=\"255\">\r\n<p>Trackovac\u00ed<\/p>\r\n<\/td>\r\n<td width=\"208\">\r\n<p>Smartlook<\/p>\r\n<\/td>\r\n<td width=\"142\">\r\n<p>7 dn\u00ed<\/p>\r\n<\/td>\r\n<\/tr>\r\n<tr>\r\n<td width=\"255\">\r\n<p>Funk\u010dn\u00ed<\/p>\r\n<\/td>\r\n<td width=\"208\">\r\n<p>Smartsupp<\/p>\r\n<\/td>\r\n<td width=\"142\">\r\n<p>do uzav\u0159en\u00ed prohl\u00ed\u017ee\u010de<\/p>\r\n<\/td>\r\n<\/tr>\r\n<tr>\r\n<td width=\"255\">\r\n<p>Analytick\u00e9<\/p>\r\n<\/td>\r\n<td width=\"208\">\r\n<p>Heatmap<\/p>\r\n<\/td>\r\n<td width=\"142\">\r\n<p>30 minut<\/p>\r\n<\/td>\r\n<\/tr>\r\n<\/tbody>\r\n<\/table>\r\n<p>\u00a0\u00a0\u00a0\u00a0 Typy cookies:<\/p>\r\n<ul>\r\n<li>Z hlediska platnosti<\/li>\r\n<li>Kr\u00e1tkodob\u00e9 (session) cookies \u2013 jsou soubory, kter\u00e9 jsou automaticky maz\u00e1ny, jakmile u\u017eivatel opust\u00ed dan\u00fd web. Origin\u00e1ln\u00ed n\u00e1zev tohoto typu poch\u00e1z\u00ed z\u00a0pojmu \u201esession\u201c, v p\u0159ekladu relace nebo sezen\u00ed, kter\u00fd v informatice p\u0159edstavuje jedno permanentn\u00ed s\u00ed\u0165ov\u00e9 spojen\u00ed mezi klientem, nap\u0159\u00edklad webov\u00fdm prohl\u00ed\u017ee\u010dem, a serverem.<\/li>\r\n<li>Dlouhodob\u00e9 (persistent) cookies \u2013 jsou soubory, kter\u00e9 z\u016fst\u00e1vaj\u00ed v za\u0159\u00edzen\u00ed i\u00a0pot\u00e9, co u\u017eivatel opust\u00ed webov\u00e9 str\u00e1nky. Doba, po n\u00ed\u017e jsou soubory v\u00a0za\u0159\u00edzen\u00ed aktivn\u00ed, b\u00fdv\u00e1 v rozmez\u00ed dn\u016f a\u017e m\u011bs\u00edc\u016f.<br \/><br \/><\/li>\r\n<li>Z hlediska dom\u00e9ny (webu), ke kter\u00e9mu pat\u0159\u00ed<\/li>\r\n<li>Cookies vlastn\u00edka str\u00e1nky \u2013 jsou soubory, kter\u00e9 odes\u00edl\u00e1 server pr\u00e1v\u011b nav\u0161t\u011bvovan\u00e9ho webu.<\/li>\r\n<li>Cookies t\u0159et\u00ed strany \u2013 jsou soubory, kter\u00e9 ukl\u00e1d\u00e1 jin\u00e1 str\u00e1nka ne\u017e ta, na kter\u00e9 se u\u017eivatel pr\u00e1v\u011b nach\u00e1z\u00ed. Jedn\u00e1 se o cookies vytvo\u0159en\u00e9 a pou\u017e\u00edvan\u00e9 spole\u010dnostmi jako Google, Facebook, Seznam a dal\u0161\u00ed. Tyto strany mohou nap\u0159\u00edklad pou\u017e\u00edt nasb\u00edran\u00e1 data k anonymn\u00edmu zac\u00edlen\u00ed reklamy na jin\u00fdch str\u00e1nk\u00e1ch.<\/li>\r\n<\/ul>\r\n<p>&nbsp;<\/p>\r\n<ul>\r\n<li>Z hlediska \u00fa\u010delu<\/li>\r\n<li>Funk\u010dn\u00ed, esenci\u00e1ln\u00ed cookies \u2013 jsou nutn\u00e9 pro standardn\u00ed fungov\u00e1n\u00ed webu. Bez\u00a0nich by byla do zna\u010dn\u00e9 m\u00edry naru\u0161ena u\u017eivatelsk\u00e1 p\u0159\u00edv\u011btivost str\u00e1nek. U\u017eivatel by se nap\u0159\u00edklad nemohl snadno p\u0159ihl\u00e1sit do sv\u00e9ho konta.<\/li>\r\n<li>Analytick\u00e9 cookies \u2013 umo\u017e\u0148uj\u00ed sledovat a analyzovat pohyb u\u017eivatel\u016f na webu, vyu\u017e\u00edv\u00e1n\u00ed jednotliv\u00fdch prvk\u016f e-shopu, n\u00e1v\u0161t\u011bvnost konkr\u00e9tn\u00edch str\u00e1nek apod. D\u00edky nim lze vylep\u0161ovat jak samotn\u00fd e-shop, aby se n\u00e1v\u0161t\u011bvn\u00edk\u016fm co nejl\u00e9pe pou\u017e\u00edval, tak jeho obsahovou nab\u00eddku i marketingov\u00e9 aktivity.<\/li>\r\n<li>Trackovac\u00ed a remarketingov\u00e9 cookies \u2013 slou\u017e\u00ed k optimalizaci nab\u00eddky reklamy na jin\u00fdch webov\u00fdch str\u00e1nk\u00e1ch, kter\u00e9 disponuj\u00ed reklamn\u00edmi plochami. Pokud si\u00a0nap\u0159\u00edklad prohl\u00ed\u017e\u00edte ur\u010ditou kategorii v na\u0161em e-shopu, m\u016f\u017eeme v\u00e1s po \u010dase na jin\u00e9 webov\u00e9 str\u00e1nce upozornit bannerem na tituly z dan\u00e9 oblasti.<\/li>\r\n<li>Konverzn\u00ed cookies \u2013 slou\u017e\u00ed k vyhodnocov\u00e1n\u00ed efektivity reklamy. Pom\u00e1haj\u00ed odpov\u00eddat na ot\u00e1zky jako, kter\u00e9 zdroje n\u00e1v\u0161t\u011bvnosti p\u0159in\u00e1\u0161ej\u00ed nejv\u00edce n\u00e1kup\u016f, kter\u00e9 reklamn\u00ed syst\u00e9my maj\u00ed nejlep\u0161\u00ed pom\u011br n\u00e1klady versus v\u00fdsledky apod.<\/li>\r\n<\/ul>\r\n<p>&nbsp;<\/p>\r\n<ol start=\"5\">\r\n<li>S\u00a0v\u00fd\u0161e uveden\u00fdm zpracov\u00e1n\u00edm ud\u011bluje\u0161 sv\u016fj v\u00fdslovn\u00fd souhlas. Poskytnut\u00ed osobn\u00edch \u00fadaj\u016f je dobrovoln\u00e9. Souhlas lze vz\u00edt kdykoliv zp\u011bt, a to nap\u0159\u00edklad zasl\u00e1n\u00edm e-mailu nebo dopisu na kontaktn\u00ed \u00fadaje spole\u010dnosti kosikova@prazskybarcamp.czZpracov\u00e1n\u00ed osobn\u00edch \u00fadaj\u016f je prov\u00e1d\u011bno Spr\u00e1vcem, osobn\u00ed \u00fadaje v\u0161ak pro<\/li>\r\n<li>Spr\u00e1vce mohou zpracov\u00e1vat i tito zpracovatel\u00e9:Poskytovatel softwaru Google Analytics, Facebook, Smartlook, Smartsupp, Mailchimp<\/li>\r\n<li>P\u0159\u00edpadn\u011b dal\u0161\u00ed poskytovatel\u00e9 zpracovatelsk\u00fdch softwar\u016f, slu\u017eeb a aplikac\u00ed, kter\u00e9 v\u0161ak v sou\u010dasn\u00e9 dob\u011b spole\u010dnost nevyu\u017e\u00edv\u00e1.<\/li>\r\n<\/ol>\r\n<p>&nbsp;<\/p>\r\n<p>Vezmi pros\u00edm na v\u011bdom\u00ed, \u017ee podle Na\u0159\u00edzen\u00ed m\u00e1\u0161 pr\u00e1vo:<\/p>\r\n<ul>\r\n<li>vz\u00edt souhlas kdykoliv zp\u011bt,<\/li>\r\n<li>po\u017eadovat po n\u00e1s informaci, jak\u00e9 tvoje osobn\u00ed \u00fadaje zpracov\u00e1v\u00e1me, \u017e\u00e1dat si kopii t\u011bchto \u00fadaj\u016f,<\/li>\r\n<li>vy\u017e\u00e1dat si u n\u00e1s p\u0159\u00edstup k\u00a0t\u011bmto \u00fadaj\u016fm a tyto nechat aktualizovat nebo opravit, pop\u0159\u00edpad\u011b po\u017eadovat omezen\u00ed zpracov\u00e1n\u00ed,<\/li>\r\n<li>po\u017eadovat po n\u00e1s v\u00fdmaz t\u011bchto osobn\u00edch \u00fadaj\u016f,<\/li>\r\n<li>na p\u0159enositelnost \u00fadaj\u016f,<\/li>\r\n<li>podat st\u00ed\u017enost u \u00da\u0159adu pro ochranu osobn\u00edch \u00fadaj\u016f nebo se obr\u00e1tit na soud.<\/li>\r\n<\/ul>\r\n<p>&nbsp;<\/p>\r\n","protected":false},"excerpt":{"rendered":"<p>Souhlas se zpracov\u00e1n\u00edm osobn\u00edch \u00fadaj\u016f Ud\u011bluje\u0161 t\u00edmto souhlas neziskov\u00e9 organizaci CETAS z.s., se s\u00eddlo Nerudova 606\/32, Mlad\u00e1 Boleslav II, 293 01, I\u010c: 01299069, zapsan\u00e9 ve ve\u0159ejn\u00e9m rejst\u0159\u00edku veden\u00e9m u M\u011bstsk\u00e9ho soudu v\u00a0Praze, odd\u00edl L 73602\/MSPH (d\u00e1le jen \u201eSpr\u00e1vce\u201c), aby ve smyslu na\u0159\u00edzen\u00ed Evropsk\u00e9ho parlamentu a Rady (EU) \u010d. 2016\/679 o ochran\u011b fyzick\u00fdch osob v souvislosti [&hellip;]<\/p>\n","protected":false},"author":5,"featured_media":0,"parent":0,"menu_order":0,"comment_status":"closed","ping_status":"open","template":"","meta":[],"yoast_head":"<!-- This site is optimized with the Yoast SEO plugin v18.1 - https:\/\/yoast.com\/wordpress\/plugins\/seo\/ -->\n<title>Z\u00e1sady ochrany osobn\u00edch \u00fadaj\u016f - Prazsky Barcamp<\/title>\n<meta name=\"robots\" content=\"index, follow, max-snippet:-1, max-image-preview:large, max-video-preview:-1\" \/>\n<link rel=\"canonical\" href=\"https:\/\/www.prazskybarcamp.cz\/blog\/ochrana-osobnich-udaju\/\" \/>\n<meta property=\"og:locale\" content=\"cs_CZ\" \/>\n<meta property=\"og:type\" content=\"article\" \/>\n<meta property=\"og:title\" content=\"Z\u00e1sady ochrany osobn\u00edch \u00fadaj\u016f - Prazsky Barcamp\" \/>\n<meta property=\"og:description\" content=\"Souhlas se zpracov\u00e1n\u00edm osobn\u00edch \u00fadaj\u016f Ud\u011bluje\u0161 t\u00edmto souhlas neziskov\u00e9 organizaci CETAS z.s., se s\u00eddlo Nerudova 606\/32, Mlad\u00e1 Boleslav II, 293 01, I\u010c: 01299069, zapsan\u00e9 ve ve\u0159ejn\u00e9m rejst\u0159\u00edku veden\u00e9m u M\u011bstsk\u00e9ho soudu v\u00a0Praze, odd\u00edl L 73602\/MSPH (d\u00e1le jen \u201eSpr\u00e1vce\u201c), aby ve smyslu na\u0159\u00edzen\u00ed Evropsk\u00e9ho parlamentu a Rady (EU) \u010d. 2016\/679 o ochran\u011b fyzick\u00fdch osob v souvislosti [&hellip;]\" \/>\n<meta property=\"og:url\" content=\"https:\/\/www.prazskybarcamp.cz\/blog\/ochrana-osobnich-udaju\/\" \/>\n<meta property=\"og:site_name\" content=\"Prazsky Barcamp\" \/>\n<meta property=\"article:publisher\" content=\"https:\/\/www.facebook.com\/prazskybarcamp\" \/>\n<meta property=\"article:modified_time\" content=\"2020-08-28T21:04:23+00:00\" \/>\n<meta name=\"twitter:card\" content=\"summary_large_image\" \/>\n<meta name=\"twitter:site\" content=\"@prazskybarcamp\" \/>\n<meta name=\"twitter:label1\" content=\"Odhadovan\u00e1 doba \u010dten\u00ed\" \/>\n\t<meta name=\"twitter:data1\" content=\"4 minuty\" \/>\n<script type=\"application\/ld+json\" class=\"yoast-schema-graph\">{\"@context\":\"https:\/\/schema.org\",\"@graph\":[{\"@type\":\"Organization\",\"@id\":\"https:\/\/www.prazskybarcamp.cz\/blog\/#organization\",\"name\":\"Pra\u017esk\u00fd Barcamp\",\"url\":\"https:\/\/www.prazskybarcamp.cz\/blog\/\",\"sameAs\":[\"https:\/\/www.facebook.com\/prazskybarcamp\",\"https:\/\/www.instagram.com\/prazsky_barcamp\/\",\"https:\/\/www.linkedin.com\/company\/12614304\/admin\/\",\"https:\/\/www.youtube.com\/c\/Pra\u017esk\u00fdBarcamp\",\"https:\/\/twitter.com\/prazskybarcamp\"],\"logo\":{\"@type\":\"ImageObject\",\"@id\":\"https:\/\/www.prazskybarcamp.cz\/blog\/#logo\",\"inLanguage\":\"cs\",\"url\":\"https:\/\/www.prazskybarcamp.cz\/blog\/wp-content\/uploads\/2020\/05\/BC_barva-1.png\",\"contentUrl\":\"https:\/\/www.prazskybarcamp.cz\/blog\/wp-content\/uploads\/2020\/05\/BC_barva-1.png\",\"width\":1324,\"height\":521,\"caption\":\"Pra\u017esk\u00fd Barcamp\"},\"image\":{\"@id\":\"https:\/\/www.prazskybarcamp.cz\/blog\/#logo\"}},{\"@type\":\"WebSite\",\"@id\":\"https:\/\/www.prazskybarcamp.cz\/blog\/#website\",\"url\":\"https:\/\/www.prazskybarcamp.cz\/blog\/\",\"name\":\"Pra\u017esk\u00fd Barcamp\",\"description\":\"Blog slou\u017e\u00edc\u00ed student\u016fm st\u0159edn\u00ed \u0161koly k rychlej\u0161\u00edmu zji\u0161t\u011bn\u00ed, co je bav\u00ed a v \u010dem maj\u00ed sv\u00e9 vlohy a d\u00edky tomu jsou schopni rychlej\u0161\u00edho zapojen\u00ed na trhu pr\u00e1ce.\",\"publisher\":{\"@id\":\"https:\/\/www.prazskybarcamp.cz\/blog\/#organization\"},\"potentialAction\":[{\"@type\":\"SearchAction\",\"target\":{\"@type\":\"EntryPoint\",\"urlTemplate\":\"https:\/\/www.prazskybarcamp.cz\/blog\/?s={search_term_string}\"},\"query-input\":\"required name=search_term_string\"}],\"inLanguage\":\"cs\"},{\"@type\":\"WebPage\",\"@id\":\"https:\/\/www.prazskybarcamp.cz\/blog\/ochrana-osobnich-udaju\/#webpage\",\"url\":\"https:\/\/www.prazskybarcamp.cz\/blog\/ochrana-osobnich-udaju\/\",\"name\":\"Z\u00e1sady ochrany osobn\u00edch \u00fadaj\u016f - Prazsky Barcamp\",\"isPartOf\":{\"@id\":\"https:\/\/www.prazskybarcamp.cz\/blog\/#website\"},\"datePublished\":\"2019-02-18T07:34:58+00:00\",\"dateModified\":\"2020-08-28T21:04:23+00:00\",\"breadcrumb\":{\"@id\":\"https:\/\/www.prazskybarcamp.cz\/blog\/ochrana-osobnich-udaju\/#breadcrumb\"},\"inLanguage\":\"cs\",\"potentialAction\":[{\"@type\":\"ReadAction\",\"target\":[\"https:\/\/www.prazskybarcamp.cz\/blog\/ochrana-osobnich-udaju\/\"]}]},{\"@type\":\"BreadcrumbList\",\"@id\":\"https:\/\/www.prazskybarcamp.cz\/blog\/ochrana-osobnich-udaju\/#breadcrumb\",\"itemListElement\":[{\"@type\":\"ListItem\",\"position\":1,\"name\":\"Dom\u016f\",\"item\":\"https:\/\/www.prazskybarcamp.cz\/blog\/\"},{\"@type\":\"ListItem\",\"position\":2,\"name\":\"Z\u00e1sady ochrany osobn\u00edch \u00fadaj\u016f\"}]}]}<\/script>\n<!-- \/ Yoast SEO plugin. -->","yoast_head_json":{"title":"Z\u00e1sady ochrany osobn\u00edch \u00fadaj\u016f - Prazsky Barcamp","robots":{"index":"index","follow":"follow","max-snippet":"max-snippet:-1","max-image-preview":"max-image-preview:large","max-video-preview":"max-video-preview:-1"},"canonical":"https:\/\/www.prazskybarcamp.cz\/blog\/ochrana-osobnich-udaju\/","og_locale":"cs_CZ","og_type":"article","og_title":"Z\u00e1sady ochrany osobn\u00edch \u00fadaj\u016f - Prazsky Barcamp","og_description":"Souhlas se zpracov\u00e1n\u00edm osobn\u00edch \u00fadaj\u016f Ud\u011bluje\u0161 t\u00edmto souhlas neziskov\u00e9 organizaci CETAS z.s., se s\u00eddlo Nerudova 606\/32, Mlad\u00e1 Boleslav II, 293 01, I\u010c: 01299069, zapsan\u00e9 ve ve\u0159ejn\u00e9m rejst\u0159\u00edku veden\u00e9m u M\u011bstsk\u00e9ho soudu v\u00a0Praze, odd\u00edl L 73602\/MSPH (d\u00e1le jen \u201eSpr\u00e1vce\u201c), aby ve smyslu na\u0159\u00edzen\u00ed Evropsk\u00e9ho parlamentu a Rady (EU) \u010d. 2016\/679 o ochran\u011b fyzick\u00fdch osob v souvislosti [&hellip;]","og_url":"https:\/\/www.prazskybarcamp.cz\/blog\/ochrana-osobnich-udaju\/","og_site_name":"Prazsky Barcamp","article_publisher":"https:\/\/www.facebook.com\/prazskybarcamp","article_modified_time":"2020-08-28T21:04:23+00:00","twitter_card":"summary_large_image","twitter_site":"@prazskybarcamp","twitter_misc":{"Odhadovan\u00e1 doba \u010dten\u00ed":"4 minuty"},"schema":{"@context":"https:\/\/schema.org","@graph":[{"@type":"Organization","@id":"https:\/\/www.prazskybarcamp.cz\/blog\/#organization","name":"Pra\u017esk\u00fd Barcamp","url":"https:\/\/www.prazskybarcamp.cz\/blog\/","sameAs":["https:\/\/www.facebook.com\/prazskybarcamp","https:\/\/www.instagram.com\/prazsky_barcamp\/","https:\/\/www.linkedin.com\/company\/12614304\/admin\/","https:\/\/www.youtube.com\/c\/Pra\u017esk\u00fdBarcamp","https:\/\/twitter.com\/prazskybarcamp"],"logo":{"@type":"ImageObject","@id":"https:\/\/www.prazskybarcamp.cz\/blog\/#logo","inLanguage":"cs","url":"https:\/\/www.prazskybarcamp.cz\/blog\/wp-content\/uploads\/2020\/05\/BC_barva-1.png","contentUrl":"https:\/\/www.prazskybarcamp.cz\/blog\/wp-content\/uploads\/2020\/05\/BC_barva-1.png","width":1324,"height":521,"caption":"Pra\u017esk\u00fd Barcamp"},"image":{"@id":"https:\/\/www.prazskybarcamp.cz\/blog\/#logo"}},{"@type":"WebSite","@id":"https:\/\/www.prazskybarcamp.cz\/blog\/#website","url":"https:\/\/www.prazskybarcamp.cz\/blog\/","name":"Pra\u017esk\u00fd Barcamp","description":"Blog slou\u017e\u00edc\u00ed student\u016fm st\u0159edn\u00ed \u0161koly k rychlej\u0161\u00edmu zji\u0161t\u011bn\u00ed, co je bav\u00ed a v \u010dem maj\u00ed sv\u00e9 vlohy a d\u00edky tomu jsou schopni rychlej\u0161\u00edho zapojen\u00ed na trhu pr\u00e1ce.","publisher":{"@id":"https:\/\/www.prazskybarcamp.cz\/blog\/#organization"},"potentialAction":[{"@type":"SearchAction","target":{"@type":"EntryPoint","urlTemplate":"https:\/\/www.prazskybarcamp.cz\/blog\/?s={search_term_string}"},"query-input":"required name=search_term_string"}],"inLanguage":"cs"},{"@type":"WebPage","@id":"https:\/\/www.prazskybarcamp.cz\/blog\/ochrana-osobnich-udaju\/#webpage","url":"https:\/\/www.prazskybarcamp.cz\/blog\/ochrana-osobnich-udaju\/","name":"Z\u00e1sady ochrany osobn\u00edch \u00fadaj\u016f - Prazsky Barcamp","isPartOf":{"@id":"https:\/\/www.prazskybarcamp.cz\/blog\/#website"},"datePublished":"2019-02-18T07:34:58+00:00","dateModified":"2020-08-28T21:04:23+00:00","breadcrumb":{"@id":"https:\/\/www.prazskybarcamp.cz\/blog\/ochrana-osobnich-udaju\/#breadcrumb"},"inLanguage":"cs","potentialAction":[{"@type":"ReadAction","target":["https:\/\/www.prazskybarcamp.cz\/blog\/ochrana-osobnich-udaju\/"]}]},{"@type":"BreadcrumbList","@id":"https:\/\/www.prazskybarcamp.cz\/blog\/ochrana-osobnich-udaju\/#breadcrumb","itemListElement":[{"@type":"ListItem","position":1,"name":"Dom\u016f","item":"https:\/\/www.prazskybarcamp.cz\/blog\/"},{"@type":"ListItem","position":2,"name":"Z\u00e1sady ochrany osobn\u00edch \u00fadaj\u016f"}]}]}},"_links":{"self":[{"href":"https:\/\/www.prazskybarcamp.cz\/blog\/wp-json\/wp\/v2\/pages\/3"}],"collection":[{"href":"https:\/\/www.prazskybarcamp.cz\/blog\/wp-json\/wp\/v2\/pages"}],"about":[{"href":"https:\/\/www.prazskybarcamp.cz\/blog\/wp-json\/wp\/v2\/types\/page"}],"author":[{"embeddable":true,"href":"https:\/\/www.prazskybarcamp.cz\/blog\/wp-json\/wp\/v2\/users\/5"}],"replies":[{"embeddable":true,"href":"https:\/\/www.prazskybarcamp.cz\/blog\/wp-json\/wp\/v2\/comments?post=3"}],"version-history":[{"count":4,"href":"https:\/\/www.prazskybarcamp.cz\/blog\/wp-json\/wp\/v2\/pages\/3\/revisions"}],"predecessor-version":[{"id":815,"href":"https:\/\/www.prazskybarcamp.cz\/blog\/wp-json\/wp\/v2\/pages\/3\/revisions\/815"}],"wp:attachment":[{"href":"https:\/\/www.prazskybarcamp.cz\/blog\/wp-json\/wp\/v2\/media?parent=3"}],"curies":[{"name":"wp","href":"https:\/\/api.w.org\/{rel}","templated":true}]}}